{"id":57,"date":"2023-02-28T10:13:40","date_gmt":"2023-02-28T09:13:40","guid":{"rendered":"http:\/\/navimo.venti7.e-kei.pl\/?page_id=57"},"modified":"2026-04-07T14:42:06","modified_gmt":"2026-04-07T12:42:06","slug":"o-nas","status":"publish","type":"page","link":"https:\/\/navimo.pl\/en\/o-nas\/","title":{"rendered":"NAVIMO &#8211; O nas"},"content":{"rendered":"<section class=\"bde-section-57-239 bde-section border-bottom hero\">\n  \n  \n\t\n\n\n\n<div class=\"section-container\"><div class=\"oxy-container-57-240 oxy-container hero__container full-w row row--gap-md mb-5\"><div class=\"oxy-container-57-241 oxy-container hero__title col-6\"><div class=\"oxy-text-57-242 oxy-text headline-xxl mb-1\">\nAbout Us\n<\/div><div class=\"oxy-text-57-243 oxy-text text-body-lg heading-group__overline translation-block\">Land-focused. <br>Human-centric.<\/div><\/div><div class=\"oxy-container-57-244 oxy-container hero__description col-6\"><div class=\"oxy-container-57-245 oxy-container decorative-line hero__decorative-line\"><\/div><div class=\"oxy-text-57-246 oxy-text text-body-md\">\n<p style=\"font-weight: 400;\">At NAVIMO, we specialize in professional advisory services in the investment land market. Our goal is to efficiently support clients in transactional processes through thorough analysis, expert knowledge, and a personalized approach. Rather than building mass structures, we focus on a partnership-based approach grounded in experience and relationships.<\/p>\n<p>The name NAVIMO reflects our approach \u2014 \u201cnavi\u201d signifies guiding and directing the process, while \u201cimo\u201d refers to real estate. Our role is to safely and effectively lead clients through the complex stages of investment land transactions.<\/p>\n\n<\/div><\/div><\/div><div class=\"oxy-container-57-247 oxy-container hero-img__container\"><img decoding=\"async\" class=\"oxy-image-57-248 oxy-image hero__img\" src=\"data:image\/svg+xml;charset=UTF-8,%3csvg xmlns=&#039;http:\/\/www.w3.org\/2000\/svg&#039; width=&#039;540&#039; height=&#039;540&#039; viewBox=&#039;0 0 140 140&#039;%3e%3cpath d=&#039;M0 0h140v140H0z&#039; fill=&#039;%23e5e7eb&#039;\/%3e%3cpath d=&#039;M88 82.46H51.8v-4.52l6.74-6.74a1.13 1.13 0 011.6 0l5.23 5.23 12.76-12.77a1.13 1.13 0 011.6 0L88 71.91z&#039; fill=&#039;%23e5e7eb&#039;\/%3e%3cpath d=&#039;M89.48 52.32H50.29a4.52 4.52 0 00-4.52 4.52V84a4.53 4.53 0 004.52 4.52h39.19A4.52 4.52 0 0094 84V56.84a4.52 4.52 0 00-4.52-4.52zm-33.16 5.27a5.28 5.28 0 11-5.27 5.28 5.27 5.27 0 015.27-5.28zM88 82.46H51.8v-4.52l6.74-6.74a1.13 1.13 0 011.6 0l5.23 5.23 12.76-12.77a1.13 1.13 0 011.6 0L88 71.91z&#039; fill=&#039;%23d1d5db&#039;\/%3e%3c\/svg%3e\" loading=\"lazy\" srcset=\"https:\/\/navimo.pl\/app\/uploads\/2025\/12\/o-nas-2-compressifyio.webp 2048w, https:\/\/navimo.pl\/app\/uploads\/2025\/12\/o-nas-2-compressifyio-300x200.webp 300w, https:\/\/navimo.pl\/app\/uploads\/2025\/12\/o-nas-2-compressifyio-1024x683.webp 1024w, https:\/\/navimo.pl\/app\/uploads\/2025\/12\/o-nas-2-compressifyio-768x512.webp 768w, https:\/\/navimo.pl\/app\/uploads\/2025\/12\/o-nas-2-compressifyio-1536x1024.webp 1536w\" sizes=\"(max-width: 2048px) 100vw, 2048px\" data-parallax=\"true\"><\/div><\/div>\n<\/section><section class=\"bde-section-57-110 bde-section border-bottom\">\n  \n  \n\t\n\n\n\n<div class=\"section-container\"><div class=\"oxy-container-57-111 oxy-container full-w row row--gap-md\"><div class=\"oxy-container-57-112 oxy-container col-6\"><div class=\"oxy-container-2283-100 oxy-container heading-group\"><div class=\"oxy-container-2283-106 oxy-container mb-1\"><h2 class=\"oxy-text-2283-101 oxy-text heading-group__overline\">\nAbout Us\n<\/h2><\/div><div class=\"oxy-container-2283-108 oxy-container mb-2\"><h3 class=\"oxy-text-2283-102 oxy-text headline-lg heading-group__heading\">\nOUR APPROACH\n<\/h3><\/div><div class=\"oxy-container-2283-103 oxy-container decorative-line heading-group__underline\"><\/div><\/div><\/div><div class=\"oxy-container-57-113 oxy-container col-6\"><div class=\"oxy-text-57-198 oxy-text text-body-md\">\n<p>We analyze each project comprehensively, taking into account its commercial potential and the client\u2019s strategic objectives. We work transparently and methodically, ensuring that investment decisions are made based on reliable data and a full understanding of possible scenarios.<\/p>\n<p>Thanks to our experience in negotiations and transactions, we are able to mitigate risks and efficiently coordinate processes, ensuring their smooth execution and alignment with the intended objectives.<\/p>\n\n<\/div><\/div><\/div><\/div>\n<\/section><section class=\"bde-section-57-209 bde-section border-bottom\">\n  \n  \n\t\n\n\n\n<div class=\"section-container\"><div class=\"oxy-container-57-223 oxy-container full-img__container mb-5\"><img decoding=\"async\" class=\"oxy-image-57-224 oxy-image full__img\" src=\"data:image\/svg+xml;charset=UTF-8,%3csvg xmlns=&#039;http:\/\/www.w3.org\/2000\/svg&#039; width=&#039;540&#039; height=&#039;540&#039; viewBox=&#039;0 0 140 140&#039;%3e%3cpath d=&#039;M0 0h140v140H0z&#039; fill=&#039;%23e5e7eb&#039;\/%3e%3cpath d=&#039;M88 82.46H51.8v-4.52l6.74-6.74a1.13 1.13 0 011.6 0l5.23 5.23 12.76-12.77a1.13 1.13 0 011.6 0L88 71.91z&#039; fill=&#039;%23e5e7eb&#039;\/%3e%3cpath d=&#039;M89.48 52.32H50.29a4.52 4.52 0 00-4.52 4.52V84a4.53 4.53 0 004.52 4.52h39.19A4.52 4.52 0 0094 84V56.84a4.52 4.52 0 00-4.52-4.52zm-33.16 5.27a5.28 5.28 0 11-5.27 5.28 5.27 5.27 0 015.27-5.28zM88 82.46H51.8v-4.52l6.74-6.74a1.13 1.13 0 011.6 0l5.23 5.23 12.76-12.77a1.13 1.13 0 011.6 0L88 71.91z&#039; fill=&#039;%23d1d5db&#039;\/%3e%3c\/svg%3e\" loading=\"lazy\" srcset=\"https:\/\/navimo.pl\/app\/uploads\/2025\/12\/o-nas-1-compressifyio.webp 2048w, https:\/\/navimo.pl\/app\/uploads\/2025\/12\/o-nas-1-compressifyio-300x200.webp 300w, https:\/\/navimo.pl\/app\/uploads\/2025\/12\/o-nas-1-compressifyio-1024x683.webp 1024w, https:\/\/navimo.pl\/app\/uploads\/2025\/12\/o-nas-1-compressifyio-768x512.webp 768w, https:\/\/navimo.pl\/app\/uploads\/2025\/12\/o-nas-1-compressifyio-1536x1024.webp 1536w\" sizes=\"(max-width: 2048px) 100vw, 2048px\"><\/div><div class=\"oxy-container-57-210 oxy-container full-w row row--gap-md\"><div class=\"oxy-container-57-211 oxy-container col-6\"><div class=\"oxy-container-57-212 oxy-container position-sticky\"><div class=\"oxy-container-2283-100 oxy-container heading-group\"><div class=\"oxy-container-2283-106 oxy-container mb-1\"><h2 class=\"oxy-text-2283-101 oxy-text heading-group__overline\">\nOur approach\n<\/h2><\/div><div class=\"oxy-container-2283-108 oxy-container mb-2\"><h3 class=\"oxy-text-2283-102 oxy-text headline-lg heading-group__heading translation-block\">STRATEGIC APPROACH TO REAL ESTATE<\/h3><\/div><div class=\"oxy-container-2283-103 oxy-container decorative-line heading-group__underline\"><\/div><\/div><\/div><\/div><div class=\"oxy-container-57-214 oxy-container col-6\"><div class=\"oxy-text-57-215 oxy-text text-body-md translation-block\">We combine market, planning, and financial analysis to accurately assess the potential of a property. We prepare sales strategies, structure transactions, and advise on selecting the optimal course of action.  <br><br>We ensure that the process is efficient and that the client\u2019s decisions are properly supported with solid, data-driven reasoning.<\/div><\/div><\/div><\/div>\n<\/section><section class=\"bde-section-57-156 bde-section Team border-bottom\">\n  \n  \n\t\n\n\n\n<div class=\"section-container\"><div class=\"oxy-container-57-157 oxy-container full-w row--gap-md team__container row\"><div class=\"oxy-container-57-158 oxy-container full-w row row--gap-md\"><div class=\"oxy-container-57-159 oxy-container col-6\"><div class=\"oxy-container-57-196 oxy-container position-sticky\"><div class=\"oxy-container-2283-100 oxy-container heading-group\"><div class=\"oxy-container-2283-106 oxy-container mb-1\"><h2 class=\"oxy-text-2283-101 oxy-text heading-group__overline\">\nOur Team\n<\/h2><\/div><div class=\"oxy-container-2283-108 oxy-container mb-2\"><h3 class=\"oxy-text-2283-102 oxy-text headline-lg heading-group__heading\">\nEXPERTS BEHIND NAVIMO\n<\/h3><\/div><div class=\"oxy-container-2283-103 oxy-container decorative-line heading-group__underline\"><\/div><\/div><\/div><\/div><div class=\"oxy-container-57-161 oxy-container col-6\"><div class=\"oxy-container-57-166 oxy-container row--gap-md col pb-2-5 border-bottom mb-2-5\"><div class=\"oxy-container-57-167 oxy-container card-team__section--top row row--gap-md full-w\"><div class=\"oxy-container-57-201 oxy-container card-team__image\"><img decoding=\"async\" class=\"oxy-image-57-168 oxy-image card-team__image-img\" src=\"data:image\/svg+xml;charset=UTF-8,%3csvg xmlns=&#039;http:\/\/www.w3.org\/2000\/svg&#039; width=&#039;540&#039; height=&#039;540&#039; viewBox=&#039;0 0 140 140&#039;%3e%3cpath d=&#039;M0 0h140v140H0z&#039; fill=&#039;%23e5e7eb&#039;\/%3e%3cpath d=&#039;M88 82.46H51.8v-4.52l6.74-6.74a1.13 1.13 0 011.6 0l5.23 5.23 12.76-12.77a1.13 1.13 0 011.6 0L88 71.91z&#039; fill=&#039;%23e5e7eb&#039;\/%3e%3cpath d=&#039;M89.48 52.32H50.29a4.52 4.52 0 00-4.52 4.52V84a4.53 4.53 0 004.52 4.52h39.19A4.52 4.52 0 0094 84V56.84a4.52 4.52 0 00-4.52-4.52zm-33.16 5.27a5.28 5.28 0 11-5.27 5.28 5.27 5.27 0 015.27-5.28zM88 82.46H51.8v-4.52l6.74-6.74a1.13 1.13 0 011.6 0l5.23 5.23 12.76-12.77a1.13 1.13 0 011.6 0L88 71.91z&#039; fill=&#039;%23d1d5db&#039;\/%3e%3c\/svg%3e\" loading=\"lazy\" srcset=\"https:\/\/navimo.pl\/app\/uploads\/2025\/12\/piotr-72-compressifyio.webp 400w, https:\/\/navimo.pl\/app\/uploads\/2025\/12\/piotr-72-compressifyio-300x300.webp 300w, https:\/\/navimo.pl\/app\/uploads\/2025\/12\/piotr-72-compressifyio-150x150.webp 150w\" sizes=\"(max-width: 400px) 100vw, 400px\"><\/div><div class=\"oxy-container-57-200 oxy-container full-w\"><div class=\"oxy-container-57-170 oxy-container mb-05\"><div class=\"oxy-text-57-171 oxy-text card__title\">\nPiotr Litwin\n<\/div><div class=\"oxy-text-57-172 oxy-text card__description text-color-secondary mb-05\">\nPartner\n<\/div><div class=\"oxy-text-57-173 oxy-text card__contact\">\n<a href=\"tel:+48691238333\">+48 691 238 333<\/a>\n<\/div><div class=\"oxy-text-57-174 oxy-text card__contact\">\n<a href=\"mailto:piotr.litwin@navimo.pl\">piotr.litwin@navimo.pl<\/a>\n<\/div><\/div><\/div><\/div><div class=\"oxy-container-57-169 oxy-container card__content\"><div class=\"oxy-text-57-175 oxy-text text-body-md\">\n<p style=\"font-weight: 400;\">He has over 21 years of experience in the commercial real estate market. He specializes in creating and implementing real estate portfolio management strategies, managing acquisition and divestment processes, and providing comprehensive oversight of investment projects, renovations, and retail network development.<\/p>\n<p style=\"font-weight: 400;\">Throughout his career, he has completed over 600\u00a0transactions involving leasing, buying, and selling properties, collaborating with companies such as BNP Paribas, Poczta Polska, and the PZU Group. He also has advisory experience working with international consulting firms, including Knight Frank and JLL, particularly in the area of investment land.<\/p>\n\n<\/div><\/div><\/div><div class=\"oxy-container-57-227 oxy-container row--gap-md col\"><div class=\"oxy-container-57-228 oxy-container card-team__section--top row row--gap-md full-w\"><div class=\"oxy-container-57-229 oxy-container card-team__image\"><img decoding=\"async\" class=\"oxy-image-57-230 oxy-image card-team__image-img\" src=\"data:image\/svg+xml;charset=UTF-8,%3csvg xmlns=&#039;http:\/\/www.w3.org\/2000\/svg&#039; width=&#039;540&#039; height=&#039;540&#039; viewBox=&#039;0 0 140 140&#039;%3e%3cpath d=&#039;M0 0h140v140H0z&#039; fill=&#039;%23e5e7eb&#039;\/%3e%3cpath d=&#039;M88 82.46H51.8v-4.52l6.74-6.74a1.13 1.13 0 011.6 0l5.23 5.23 12.76-12.77a1.13 1.13 0 011.6 0L88 71.91z&#039; fill=&#039;%23e5e7eb&#039;\/%3e%3cpath d=&#039;M89.48 52.32H50.29a4.52 4.52 0 00-4.52 4.52V84a4.53 4.53 0 004.52 4.52h39.19A4.52 4.52 0 0094 84V56.84a4.52 4.52 0 00-4.52-4.52zm-33.16 5.27a5.28 5.28 0 11-5.27 5.28 5.27 5.27 0 015.27-5.28zM88 82.46H51.8v-4.52l6.74-6.74a1.13 1.13 0 011.6 0l5.23 5.23 12.76-12.77a1.13 1.13 0 011.6 0L88 71.91z&#039; fill=&#039;%23d1d5db&#039;\/%3e%3c\/svg%3e\" loading=\"lazy\" srcset=\"https:\/\/navimo.pl\/app\/uploads\/2025\/12\/jakub-72-compressifyio.webp 400w, https:\/\/navimo.pl\/app\/uploads\/2025\/12\/jakub-72-compressifyio-300x300.webp 300w, https:\/\/navimo.pl\/app\/uploads\/2025\/12\/jakub-72-compressifyio-150x150.webp 150w\" sizes=\"(max-width: 400px) 100vw, 400px\"><\/div><div class=\"oxy-container-57-231 oxy-container full-w\"><div class=\"oxy-container-57-232 oxy-container mb-05\"><div class=\"oxy-text-57-233 oxy-text card__title\">\nJakub Szymanowski\n<\/div><div class=\"oxy-text-57-234 oxy-text card__description text-color-secondary mb-05\">\nPartner\n<\/div><div class=\"oxy-text-57-235 oxy-text card__contact\">\n<a href=\"tel:609499473\">+48 609 499 473<\/a>\n<\/div><div class=\"oxy-text-57-236 oxy-text card__contact\">\n<a href=\"mailto:jakub.szymanowski@navimo.pl\">jakub.szymanowski@navimo.pl<\/a>\n<\/div><\/div><\/div><\/div><div class=\"oxy-container-57-237 oxy-container card__content\"><div class=\"oxy-text-57-238 oxy-text text-body-md\">\n<p>He has 9 years of experience in strategic advisory and real estate valuation, with a particular specialization in investment land.<\/p>\n<p style=\"font-weight: 400;\">He gained experience at leading  international consulting firms \u2014 Knight Frank, CBRE, Colliers, and PwC \u2014 working on projects requiring advanced market, financial, and planning analysis.<\/p>\n<p style=\"font-weight: 400;\">He has participated in and led numerous transactional processes, supporting clients in investment analysis, transaction structuring, and capital decision-making.\nHe\u00a0specializes in the residential real estate sector and alternative projects, including PRS and PBSA, combining an analytical approach with practical understanding of market mechanisms.<\/p>\n\n<\/div><\/div><\/div><\/div><\/div><\/div><\/div>\n<\/section>","protected":false},"excerpt":{"rendered":"<p>O nas Zakotwiczeni w\u00a0gruncie. Zorientowani na ludzi. W NAVIMO specjalizujemy si\u0119 w profesjonalnym doradztwie na rynku grunt\u00f3w inwestycyjnych. Naszym celem jest efektywne wspieranie klient\u00f3w w procesach transakcyjnych poprzez rzeteln\u0105 analiz\u0119, wiedz\u0119 eksperck\u0105 oraz indywidualne podej\u015bcie. Zamiast budowania masowych struktur koncentrujemy si\u0119 na partnerskim podej\u015bciu opartym na do\u015bwiadczeniu i relacjach. Nazwa NAVIMO odzwierciedla nasze podej\u015bcie \u2013 [&hellip;]<\/p>\n","protected":false},"author":14,"featured_media":0,"parent":0,"menu_order":0,"comment_status":"closed","ping_status":"closed","template":"","meta":{"_acf_changed":false,"om_disable_all_campaigns":false,"inline_featured_image":false,"_monsterinsights_skip_tracking":false,"_monsterinsights_sitenote_active":false,"_monsterinsights_sitenote_note":"","_monsterinsights_sitenote_category":0,"_oxygen_hide_in_design_set":false,"_oxygen_tags":"","footnotes":""},"class_list":["post-57","page","type-page","status-publish","hentry"],"acf":[],"aioseo_notices":[],"_links":{"self":[{"href":"https:\/\/navimo.pl\/en\/wp-json\/wp\/v2\/pages\/57","targetHints":{"allow":["GET"]}}],"collection":[{"href":"https:\/\/navimo.pl\/en\/wp-json\/wp\/v2\/pages"}],"about":[{"href":"https:\/\/navimo.pl\/en\/wp-json\/wp\/v2\/types\/page"}],"author":[{"embeddable":true,"href":"https:\/\/navimo.pl\/en\/wp-json\/wp\/v2\/users\/14"}],"replies":[{"embeddable":true,"href":"https:\/\/navimo.pl\/en\/wp-json\/wp\/v2\/comments?post=57"}],"version-history":[{"count":208,"href":"https:\/\/navimo.pl\/en\/wp-json\/wp\/v2\/pages\/57\/revisions"}],"predecessor-version":[{"id":3022,"href":"https:\/\/navimo.pl\/en\/wp-json\/wp\/v2\/pages\/57\/revisions\/3022"}],"wp:attachment":[{"href":"https:\/\/navimo.pl\/en\/wp-json\/wp\/v2\/media?parent=57"}],"curies":[{"name":"wp","href":"https:\/\/api.w.org\/{rel}","templated":true}]}}