{"id":60,"date":"2023-02-28T10:14:11","date_gmt":"2023-02-28T09:14:11","guid":{"rendered":"http:\/\/navimo.venti7.e-kei.pl\/?page_id=60"},"modified":"2026-04-23T12:19:55","modified_gmt":"2026-04-23T10:19:55","slug":"aktualnosci","status":"publish","type":"page","link":"https:\/\/navimo.pl\/en\/aktualnosci\/","title":{"rendered":"News"},"content":{"rendered":"<section class=\"bde-section-60-106 bde-section hero\">\n  \n  \n\t\n\n\n\n<div class=\"section-container\"><div class=\"oxy-container-60-116 oxy-container news__section--bottom full-w\"><div class=\"oxy-container-60-137 oxy-container full-w heading-group\"><div class=\"oxy-container-60-150 oxy-container mb-2\"><h1 class=\"oxy-text-60-138 oxy-text headline-lg heading-group__heading\">\nNews\n<\/h1><\/div><\/div><div class=\"bde-post-loop-60-118 bde-post-loop oxy-post-loop\"><div class=\"bde-loop bde-loop-grid ee-posts ee-posts-grid\">    <article class=\"bde-loop-item ee-post\">\n        <a class=\"oxy-container-link-2319-113-3091-2319-1 oxy-container-link card oxy-container-link-2319-113\" href=\"https:\/\/navimo.pl\/en\/nowelizacja-ustawy-o-wlasnosci-lokali-a-rynek-gruntow-pod-zamieszkanie-zbiorowe\/\" target=\"_self\"><div class=\"oxy-container-2319-101-3091-2319-1 oxy-container card__image oxy-container-2319-101\"><div class=\"oxy-container-2319-117-3091-2319-1 oxy-container deal-done__position oxy-container-2319-117\"><\/div><img decoding=\"async\" class=\"oxy-image-2319-102-3091-2319-1 oxy-image card-team__image-img oxy-image-2319-102\" src=\"https:\/\/navimo.pl\/app\/uploads\/2026\/04\/cytaty-eksperckie-03-2026-kopia.jpg\" loading=\"lazy\" srcset=\"https:\/\/navimo.pl\/app\/uploads\/2026\/04\/cytaty-eksperckie-03-2026-kopia.jpg 1080w, https:\/\/navimo.pl\/app\/uploads\/2026\/04\/cytaty-eksperckie-03-2026-kopia-300x300.jpg 300w, https:\/\/navimo.pl\/app\/uploads\/2026\/04\/cytaty-eksperckie-03-2026-kopia-1024x1024.jpg 1024w, https:\/\/navimo.pl\/app\/uploads\/2026\/04\/cytaty-eksperckie-03-2026-kopia-150x150.jpg 150w, https:\/\/navimo.pl\/app\/uploads\/2026\/04\/cytaty-eksperckie-03-2026-kopia-768x768.jpg 768w, https:\/\/navimo.pl\/app\/uploads\/2026\/04\/cytaty-eksperckie-03-2026-kopia-12x12.jpg 12w\" sizes=\"(max-width: 1080px) 100vw, 1080px\"><\/div><div class=\"oxy-container-2319-103-3091-2319-1 oxy-container card__content oxy-container-2319-103\"><div class=\"oxy-text-2319-104-3091-2319-1 oxy-text card__title oxy-text-2319-104\">\nAmendment to the Act on Ownership of Pre...\n<\/div><div class=\"oxy-text-2319-105-3091-2319-1 oxy-text card__description oxy-text-2319-105\">\nThe amendment to the Act on Ownership of Premises propos...\n<\/div><\/div><div class=\"bde-button-2319-106-3091-2319-1 bde-button btn-sm bde-button-2319-106\">\n    \n                        \n                        \n    \n    \n    \n    \n            \n                    \n            \n            \n\n    \n    \n    \n    \n    \n    <a class=\"breakdance-link button-atom button-atom--secondary bde-button__button\" href=\"https:\/\/navimo.pl\/en\/nowelizacja-ustawy-o-wlasnosci-lokali-a-rynek-gruntow-pod-zamieszkanie-zbiorowe\/\" target=\"_self\" data-type=\"url\"  >\n\n    \n        <span class=\"button-atom__text\">Read more<\/span>\n\n        \n        \n                <\/a>\n\n    \n\n\n<\/div><div class=\"oxy-container-2319-100-3091-2319-1 oxy-container card oxy-container-2319-100\"><\/div><\/a>    <\/article>\n    <article class=\"bde-loop-item ee-post\">\n        <a class=\"oxy-container-link-2319-113-3061-2319-1 oxy-container-link card oxy-container-link-2319-113\" href=\"https:\/\/navimo.pl\/en\/renesans-gruntow-pierwszej-generacji-w-nowym-kontekscie-miejskim\/\" target=\"_self\"><div class=\"oxy-container-2319-101-3061-2319-1 oxy-container card__image oxy-container-2319-101\"><div class=\"oxy-container-2319-117-3061-2319-1 oxy-container deal-done__position oxy-container-2319-117\"><\/div><img decoding=\"async\" class=\"oxy-image-2319-102-3061-2319-1 oxy-image card-team__image-img oxy-image-2319-102\" src=\"https:\/\/navimo.pl\/app\/uploads\/2026\/02\/artykul-grunty-luty-2026-grafika2-1.jpg\" alt=\"Grunty inwestycyjne\" loading=\"lazy\" srcset=\"https:\/\/navimo.pl\/app\/uploads\/2026\/02\/artykul-grunty-luty-2026-grafika2-1.jpg 1102w, https:\/\/navimo.pl\/app\/uploads\/2026\/02\/artykul-grunty-luty-2026-grafika2-1-298x300.jpg 298w, https:\/\/navimo.pl\/app\/uploads\/2026\/02\/artykul-grunty-luty-2026-grafika2-1-1018x1024.jpg 1018w, https:\/\/navimo.pl\/app\/uploads\/2026\/02\/artykul-grunty-luty-2026-grafika2-1-150x150.jpg 150w, https:\/\/navimo.pl\/app\/uploads\/2026\/02\/artykul-grunty-luty-2026-grafika2-1-768x772.jpg 768w, https:\/\/navimo.pl\/app\/uploads\/2026\/02\/artykul-grunty-luty-2026-grafika2-1-12x12.jpg 12w\" sizes=\"(max-width: 1102px) 100vw, 1102px\"><\/div><div class=\"oxy-container-2319-103-3061-2319-1 oxy-container card__content oxy-container-2319-103\"><div class=\"oxy-text-2319-104-3061-2319-1 oxy-text card__title oxy-text-2319-104\">\nThe Renaissance of \u201cFirst- Generation\u201d L...\n<\/div><div class=\"oxy-text-2319-105-3061-2319-1 oxy-text card__description oxy-text-2319-105\">\nThe land real estate market in Poland increasingly offer...\n<\/div><\/div><div class=\"bde-button-2319-106-3061-2319-1 bde-button btn-sm bde-button-2319-106\">\n    \n                        \n                        \n    \n    \n    \n    \n            \n                    \n            \n            \n\n    \n    \n    \n    \n    \n    <a class=\"breakdance-link button-atom button-atom--secondary bde-button__button\" href=\"https:\/\/navimo.pl\/en\/renesans-gruntow-pierwszej-generacji-w-nowym-kontekscie-miejskim\/\" target=\"_self\" data-type=\"url\"  >\n\n    \n        <span class=\"button-atom__text\">Read more<\/span>\n\n        \n        \n                <\/a>\n\n    \n\n\n<\/div><div class=\"oxy-container-2319-100-3061-2319-1 oxy-container card oxy-container-2319-100\"><\/div><\/a>    <\/article>\n    <article class=\"bde-loop-item ee-post\">\n        <a class=\"oxy-container-link-2319-113-2968-2319-1 oxy-container-link card oxy-container-link-2319-113\" href=\"https:\/\/navimo.pl\/en\/podsumowanie-rynku-gruntow-inwestycyjnych-w-2025\/\" target=\"_self\"><div class=\"oxy-container-2319-101-2968-2319-1 oxy-container card__image oxy-container-2319-101\"><div class=\"oxy-container-2319-117-2968-2319-1 oxy-container deal-done__position oxy-container-2319-117\"><\/div><img decoding=\"async\" class=\"oxy-image-2319-102-2968-2319-1 oxy-image card-team__image-img oxy-image-2319-102\" src=\"https:\/\/navimo.pl\/app\/uploads\/2025\/12\/podsumowanie-2025.jpg\" loading=\"lazy\" srcset=\"https:\/\/navimo.pl\/app\/uploads\/2025\/12\/podsumowanie-2025.jpg 1400w, https:\/\/navimo.pl\/app\/uploads\/2025\/12\/podsumowanie-2025-300x300.jpg 300w, https:\/\/navimo.pl\/app\/uploads\/2025\/12\/podsumowanie-2025-1024x1024.jpg 1024w, https:\/\/navimo.pl\/app\/uploads\/2025\/12\/podsumowanie-2025-150x150.jpg 150w, https:\/\/navimo.pl\/app\/uploads\/2025\/12\/podsumowanie-2025-768x768.jpg 768w\" sizes=\"(max-width: 1400px) 100vw, 1400px\"><\/div><div class=\"oxy-container-2319-103-2968-2319-1 oxy-container card__content oxy-container-2319-103\"><div class=\"oxy-text-2319-104-2968-2319-1 oxy-text card__title oxy-text-2319-104\">\nSummary of the investment land market in...\n<\/div><div class=\"oxy-text-2319-105-2968-2319-1 oxy-text card__description oxy-text-2319-105\">\nThe year 2025 was not a time of sharp price jumps, but i...\n<\/div><\/div><div class=\"bde-button-2319-106-2968-2319-1 bde-button btn-sm bde-button-2319-106\">\n    \n                        \n                        \n    \n    \n    \n    \n            \n                    \n            \n            \n\n    \n    \n    \n    \n    \n    <a class=\"breakdance-link button-atom button-atom--secondary bde-button__button\" href=\"https:\/\/navimo.pl\/en\/podsumowanie-rynku-gruntow-inwestycyjnych-w-2025\/\" target=\"_self\" data-type=\"url\"  >\n\n    \n        <span class=\"button-atom__text\">Read more<\/span>\n\n        \n        \n                <\/a>\n\n    \n\n\n<\/div><div class=\"oxy-container-2319-100-2968-2319-1 oxy-container card oxy-container-2319-100\"><\/div><\/a>    <\/article>\n    <article class=\"bde-loop-item ee-post\">\n        <a class=\"oxy-container-link-2319-113-2173-2319-1 oxy-container-link card oxy-container-link-2319-113\" href=\"https:\/\/navimo.pl\/en\/deal-done-ul-antoniewska-3-warszawa-sprzedaz-15-ha-dzialki-inwestycyjnej-pod-projekt-mieszkaniowy\/\" target=\"_self\"><div class=\"oxy-container-2319-101-2173-2319-1 oxy-container card__image oxy-container-2319-101\"><div class=\"oxy-container-2319-117-2173-2319-1 oxy-container deal-done__position oxy-container-2319-117\"><\/div><img decoding=\"async\" class=\"oxy-image-2319-102-2173-2319-1 oxy-image card-team__image-img oxy-image-2319-102\" src=\"https:\/\/navimo.pl\/app\/uploads\/2025\/07\/deal-done-antoniewska-scaled.jpg\" loading=\"lazy\" srcset=\"https:\/\/navimo.pl\/app\/uploads\/2025\/07\/deal-done-antoniewska-scaled.jpg 2560w, https:\/\/navimo.pl\/app\/uploads\/2025\/07\/deal-done-antoniewska-300x300.jpg 300w, https:\/\/navimo.pl\/app\/uploads\/2025\/07\/deal-done-antoniewska-1024x1024.jpg 1024w, https:\/\/navimo.pl\/app\/uploads\/2025\/07\/deal-done-antoniewska-150x150.jpg 150w, https:\/\/navimo.pl\/app\/uploads\/2025\/07\/deal-done-antoniewska-768x768.jpg 768w, https:\/\/navimo.pl\/app\/uploads\/2025\/07\/deal-done-antoniewska-1536x1536.jpg 1536w, https:\/\/navimo.pl\/app\/uploads\/2025\/07\/deal-done-antoniewska-2048x2048.jpg 2048w, https:\/\/navimo.pl\/app\/uploads\/2025\/07\/deal-done-antoniewska-45x45.jpg 45w\" sizes=\"(max-width: 2560px) 100vw, 2560px\"><\/div><div class=\"oxy-container-2319-103-2173-2319-1 oxy-container card__content oxy-container-2319-103\"><div class=\"oxy-text-2319-104-2173-2319-1 oxy-text card__title oxy-text-2319-104\">\nDeal Done: 3 Antoniewska Street, Warsaw\n<\/div><div class=\"oxy-text-2319-105-2173-2319-1 oxy-text card__description oxy-text-2319-105\">\nNAVIMO is pleased to announce the completion of the sale...\n<\/div><\/div><div class=\"bde-button-2319-106-2173-2319-1 bde-button btn-sm bde-button-2319-106\">\n    \n                        \n                        \n    \n    \n    \n    \n            \n                    \n            \n            \n\n    \n    \n    \n    \n    \n    <a class=\"breakdance-link button-atom button-atom--secondary bde-button__button\" href=\"https:\/\/navimo.pl\/en\/deal-done-ul-antoniewska-3-warszawa-sprzedaz-15-ha-dzialki-inwestycyjnej-pod-projekt-mieszkaniowy\/\" target=\"_self\" data-type=\"url\"  >\n\n    \n        <span class=\"button-atom__text\">Read more<\/span>\n\n        \n        \n                <\/a>\n\n    \n\n\n<\/div><div class=\"oxy-container-2319-100-2173-2319-1 oxy-container card oxy-container-2319-100\"><\/div><\/a>    <\/article>\n<\/div><div class='bde-posts-pagination' data-ssr-path='oxygen\/subplugins\/oxygen-elements\/elements\/Posts_Loop\/ssr.php'>\n\n                                    \n    \n    \n    \n    \n            \n            <button type=\"submit\" class=\"button-atom button-atom--primary bde-posts-pagination-loadmore-button\"  >\n    \n        <span class=\"button-atom__text\">Load more<\/span>\n\n        \n        \n            <\/button>\n    \n\n<\/div>\r\n<\/div><\/div><\/div>\n<\/section><section class=\"bde-section-60-128 bde-section border-bottom\">\n  \n  \n\t\n\n\n\n<div class=\"section-container\"><div class=\"oxy-container-60-122 oxy-container feed full-w row--gap-md\"><div class=\"oxy-container-60-125 oxy-container feed__section--top\"><div class=\"oxy-container-60-127 oxy-container position-sticky\"><div class=\"oxy-container-60-144 oxy-container full-w row row--gap-md mb-2\"><div class=\"oxy-container-60-145 oxy-container col-8\"><div class=\"oxy-container-2283-100 oxy-container heading-group\"><div class=\"oxy-container-2283-106 oxy-container mb-1\"><h2 class=\"oxy-text-2283-101 oxy-text heading-group__overline\">\nOur publications\n<\/h2><\/div><div class=\"oxy-container-2283-108 oxy-container mb-2\"><h3 class=\"oxy-text-2283-102 oxy-text headline-lg heading-group__heading\">\nMarket comments and analyses\n<\/h3><\/div><div class=\"oxy-container-2283-103 oxy-container decorative-line heading-group__underline\"><\/div><\/div><\/div><div class=\"oxy-container-60-147 oxy-container col-4 align-items-end justify-content-end d-flex\"><div class=\"oxy-container-60-148 oxy-container area__button full-w\"><div class=\"bde-button-60-149 bde-button btn-md\">\n    \n                        \n                        \n    \n    \n    \n    \n            \n            <button type=\"button\" class=\"button-atom button-atom--secondary bde-button__button\"  >\n    \n        <span class=\"button-atom__text\">See more on Linkedin<\/span>\n\n        \n        \n            <\/button>\n    \n\n\n<\/div><\/div><\/div><\/div><\/div><\/div><div class=\"oxy-container-60-124 oxy-container feed__section--bottom row--gap-md row\"><div class=\"oxy-container-60-141 oxy-container col-4\"><div class=\"oxy-html-code-60-121 oxy-html-code\">\n<iframe loading=\"lazy\" src=\"https:\/\/www.linkedin.com\/embed\/feed\/update\/urn:li:share:7452017835440132097?collapsed=1\" height=\"700\" width=\"100%\" frameborder=\"0\" allowfullscreen=\"\" title=\"Osadzona publikacja\"><\/iframe>\n<\/div><\/div><div class=\"oxy-container-60-143 oxy-container col-4\"><div class=\"oxy-html-code-60-123 oxy-html-code\">\n<iframe loading=\"lazy\" src=\"https:\/\/www.linkedin.com\/embed\/feed\/update\/urn:li:share:7449458997163896832?collapsed=1\" height=\"700\" width=\"100%\" frameborder=\"0\" allowfullscreen=\"\" title=\"Osadzona publikacja\"><\/iframe>\n<\/div><\/div><div class=\"oxy-container-60-142 oxy-container col-4\"><div class=\"oxy-html-code-60-129 oxy-html-code\">\n<iframe loading=\"lazy\" src=\"https:\/\/www.linkedin.com\/embed\/feed\/update\/urn:li:share:7447656601278222338?collapsed=1\" height=\"700\" width=\"100%\" frameborder=\"0\" allowfullscreen=\"\" title=\"Osadzona publikacja\"><\/iframe>\n<\/div><\/div><\/div><\/div><\/div>\n<\/section>","protected":false},"excerpt":{"rendered":"<p>Aktualno\u015bci Nowelizacja ustawy o w\u0142asno\u015bci lokali a &#8230; Proponowana przez Ministerstwo Rozwoju i Technologii now&#8230; Czytaj wi\u0119cej Renesans grunt\u00f3w \u201epierwszej generacji\u201d w&#8230; Rynek nieruchomo\u015bci gruntowych w Polsce coraz rzadziej o&#8230; Czytaj wi\u0119cej Podsumowanie rynku grunt\u00f3w inwestycyjnyc&#8230; Rok 2025 nie by\u0142 czasem gwa\u0142townych skok\u00f3w cen, ale by\u0142 &#8230; Czytaj wi\u0119cej Deal Done: ul. Antoniewska 3, Warszawa [&hellip;]<\/p>\n","protected":false},"author":14,"featured_media":0,"parent":0,"menu_order":0,"comment_status":"closed","ping_status":"closed","template":"","meta":{"_acf_changed":false,"om_disable_all_campaigns":false,"inline_featured_image":false,"_monsterinsights_skip_tracking":false,"_monsterinsights_sitenote_active":false,"_monsterinsights_sitenote_note":"","_monsterinsights_sitenote_category":0,"_oxygen_hide_in_design_set":false,"_oxygen_tags":"","footnotes":""},"class_list":["post-60","page","type-page","status-publish","hentry"],"acf":[],"aioseo_notices":[],"_links":{"self":[{"href":"https:\/\/navimo.pl\/en\/wp-json\/wp\/v2\/pages\/60","targetHints":{"allow":["GET"]}}],"collection":[{"href":"https:\/\/navimo.pl\/en\/wp-json\/wp\/v2\/pages"}],"about":[{"href":"https:\/\/navimo.pl\/en\/wp-json\/wp\/v2\/types\/page"}],"author":[{"embeddable":true,"href":"https:\/\/navimo.pl\/en\/wp-json\/wp\/v2\/users\/14"}],"replies":[{"embeddable":true,"href":"https:\/\/navimo.pl\/en\/wp-json\/wp\/v2\/comments?post=60"}],"version-history":[{"count":98,"href":"https:\/\/navimo.pl\/en\/wp-json\/wp\/v2\/pages\/60\/revisions"}],"predecessor-version":[{"id":3118,"href":"https:\/\/navimo.pl\/en\/wp-json\/wp\/v2\/pages\/60\/revisions\/3118"}],"wp:attachment":[{"href":"https:\/\/navimo.pl\/en\/wp-json\/wp\/v2\/media?parent=60"}],"curies":[{"name":"wp","href":"https:\/\/api.w.org\/{rel}","templated":true}]}}